{"id":336,"date":"2025-01-23T18:57:32","date_gmt":"2025-01-23T18:57:32","guid":{"rendered":"https:\/\/www.hairspot.fi\/blog\/?page_id=336"},"modified":"2026-02-24T10:56:58","modified_gmt":"2026-02-24T10:56:58","slug":"hairspot-ota-yhteytta","status":"publish","type":"page","link":"https:\/\/www.hairspot.fi\/blog\/hairspot-ota-yhteytta\/","title":{"rendered":"Hairspot \u2013 Ota yhteytt\u00e4"},"content":{"rendered":"\t\t<div data-elementor-type=\"wp-page\" data-elementor-id=\"336\" class=\"elementor elementor-336\">\n\t\t\t\t<div class=\"elementor-element elementor-element-0acdff8 e-flex e-con-boxed e-con e-parent\" data-id=\"0acdff8\" data-element_type=\"container\" data-e-type=\"container\" data-settings=\"{&quot;shape_divider_top&quot;:&quot;opacity-tilt&quot;,&quot;shape_divider_bottom&quot;:&quot;opacity-tilt&quot;,&quot;background_background&quot;:&quot;slideshow&quot;,&quot;background_slideshow_gallery&quot;:[{&quot;id&quot;:51,&quot;url&quot;:&quot;http:\\\/\\\/www.hairspot.fi\\\/blog\\\/wp-content\\\/uploads\\\/2025\\\/01\\\/hairspot_kauneushoitola.webp&quot;}],&quot;background_slideshow_loop&quot;:&quot;yes&quot;,&quot;background_slideshow_slide_duration&quot;:5000,&quot;background_slideshow_slide_transition&quot;:&quot;fade&quot;,&quot;background_slideshow_transition_duration&quot;:500,&quot;_ha_eqh_enable&quot;:false}\">\n\t\t\t\t\t<div class=\"e-con-inner\">\n\t\t\t\t<div class=\"elementor-shape elementor-shape-top\" aria-hidden=\"true\" data-negative=\"false\">\n\t\t\t<svg xmlns=\"http:\/\/www.w3.org\/2000\/svg\" viewBox=\"0 0 2600 131.1\" preserveAspectRatio=\"none\">\n\t<path class=\"elementor-shape-fill\" d=\"M0 0L2600 0 2600 69.1 0 0z\"\/>\n\t<path class=\"elementor-shape-fill\" style=\"opacity:0.5\" d=\"M0 0L2600 0 2600 69.1 0 69.1z\"\/>\n\t<path class=\"elementor-shape-fill\" style=\"opacity:0.25\" d=\"M2600 0L0 0 0 130.1 2600 69.1z\"\/>\n<\/svg>\t\t<\/div>\n\t\t\t\t<div class=\"elementor-shape elementor-shape-bottom\" aria-hidden=\"true\" data-negative=\"false\">\n\t\t\t<svg xmlns=\"http:\/\/www.w3.org\/2000\/svg\" viewBox=\"0 0 2600 131.1\" preserveAspectRatio=\"none\">\n\t<path class=\"elementor-shape-fill\" d=\"M0 0L2600 0 2600 69.1 0 0z\"\/>\n\t<path class=\"elementor-shape-fill\" style=\"opacity:0.5\" d=\"M0 0L2600 0 2600 69.1 0 69.1z\"\/>\n\t<path class=\"elementor-shape-fill\" style=\"opacity:0.25\" d=\"M2600 0L0 0 0 130.1 2600 69.1z\"\/>\n<\/svg>\t\t<\/div>\n\t\t\t\t\t<\/div>\n\t\t\t\t<\/div>\n\t\t<div class=\"elementor-element elementor-element-c223d62 e-flex e-con-boxed e-con e-parent\" data-id=\"c223d62\" data-element_type=\"container\" data-e-type=\"container\" data-settings=\"{&quot;_ha_eqh_enable&quot;:false}\">\n\t\t\t\t\t<div class=\"e-con-inner\">\n\t\t\t\t<div class=\"elementor-element elementor-element-707d1b7 elementor-widget elementor-widget-text-editor\" data-id=\"707d1b7\" data-element_type=\"widget\" data-e-type=\"widget\" data-widget_type=\"text-editor.default\">\n\t\t\t\t<div class=\"elementor-widget-container\">\n\t\t\t\t\t\t\t\t\t<h2><span style=\"color: #36aaad;\">Hairspot <\/span>\u2013 Ota yhteytt\u00e4!<\/h2><div><div><p>Hairspot sijaitsee Helsingin Lauttasaaressa, l\u00e4hell\u00e4 Lauttasaaren siltaa. Meille on helppo tulla, sill\u00e4 metroasema on muutaman sadan metrin p\u00e4\u00e4ss\u00e4 ja busseillakin p\u00e4\u00e4see l\u00e4helle. Jos tulet autolla, pihalla on nelj\u00e4 asiakaspaikkaa ja kadun varressa on pys\u00e4k\u00f6intipaikkoja lis\u00e4\u00e4.<\/p><\/div><\/div><div><div><h3><strong><span style=\"color: #36aaad;\"><a style=\"color: #36aaad;\" href=\"https:\/\/avoinna24.fi\/hairspot\/reservation?branch_id=210cc7b0-13b2-11e3-a1c2-7b0d4c3cdda5\" target=\"_blank\" rel=\"noopener\" data-saferedirecturl=\"https:\/\/www.google.com\/url?q=https:\/\/avoinna24.fi\/hairspot\/reservation?branch_id%3D210cc7b0-13b2-11e3-a1c2-7b0d4c3cdda5&amp;source=gmail&amp;ust=1738000698255000&amp;usg=AOvVaw1z8m38haU6r5gSMEVN8pxQ\">Varaa aika netiss\u00e4 <\/a>\u00bb<\/span><\/strong> tai <b>soita 09 6212 535<\/b><\/h3><p><b>Hairspot<\/b><br \/>Lauttasaarentie 12<\/p><p>09 6212 535<br \/><a href=\"mailto:info@hairspot.fi\" target=\"_blank\" rel=\"noopener\"><strong><span style=\"color: #36aaad;\">info@hairspot.fi<\/span><\/strong><\/a><\/p><p><b>Aukioloajat:<\/b><\/p><p>ma-pe 9-18<br \/>la 9-14, tai sopimuksen mukaan<\/p><\/div><\/div>\t\t\t\t\t\t\t\t<\/div>\n\t\t\t\t<\/div>\n\t\t\t\t\t<\/div>\n\t\t\t\t<\/div>\n\t\t<div class=\"elementor-element elementor-element-b8cde96 e-flex e-con-boxed e-con e-parent\" data-id=\"b8cde96\" data-element_type=\"container\" data-e-type=\"container\" data-settings=\"{&quot;_ha_eqh_enable&quot;:false}\">\n\t\t\t\t\t<div class=\"e-con-inner\">\n\t\t\t\t<div class=\"elementor-element elementor-element-3ee0848 elementor-widget elementor-widget-google_maps\" data-id=\"3ee0848\" data-element_type=\"widget\" data-e-type=\"widget\" data-widget_type=\"google_maps.default\">\n\t\t\t\t<div class=\"elementor-widget-container\">\n\t\t\t\t\t\t\t<div class=\"elementor-custom-embed\">\n\t\t\t<iframe loading=\"lazy\"\n\t\t\t\t\tsrc=\"https:\/\/maps.google.com\/maps?q=Lauttasaarentie%2012&#038;t=m&#038;z=15&#038;output=embed&#038;iwloc=near\"\n\t\t\t\t\ttitle=\"Lauttasaarentie 12\"\n\t\t\t\t\taria-label=\"Lauttasaarentie 12\"\n\t\t\t><\/iframe>\n\t\t<\/div>\n\t\t\t\t\t\t<\/div>\n\t\t\t\t<\/div>\n\t\t\t\t\t<\/div>\n\t\t\t\t<\/div>\n\t\t\t\t<\/div>\n\t\t","protected":false},"excerpt":{"rendered":"<p>Hairspot \u2013 Ota yhteytt\u00e4! Hairspot sijaitsee Helsingin Lauttasaaressa, l\u00e4hell\u00e4 Lauttasaaren siltaa. Meille on helppo tulla, sill\u00e4 metroasema on muutaman sadan metrin p\u00e4\u00e4ss\u00e4 ja busseillakin p\u00e4\u00e4see l\u00e4helle. Jos tulet autolla, pihalla on nelj\u00e4 asiakaspaikkaa ja kadun varressa on pys\u00e4k\u00f6intipaikkoja lis\u00e4\u00e4. Varaa aika netiss\u00e4 \u00bb tai soita 09 6212 535 HairspotLauttasaarentie 12 09 6212 535info@hairspot.fi Aukioloajat: ma-pe [&hellip;]<\/p>\n","protected":false},"author":1,"featured_media":0,"parent":0,"menu_order":0,"comment_status":"closed","ping_status":"closed","template":"elementor_header_footer","meta":{"footnotes":""},"class_list":["post-336","page","type-page","status-publish","hentry"],"yoast_head":"<!-- This site is optimized with the Yoast SEO plugin v27.4 - https:\/\/yoast.com\/product\/yoast-seo-wordpress\/ -->\n<title>Hairspot \u2013 Ota yhteytt\u00e4 - Hairspot<\/title>\n<meta name=\"robots\" content=\"index, follow, max-snippet:-1, max-image-preview:large, max-video-preview:-1\" \/>\n<link rel=\"canonical\" href=\"https:\/\/www.hairspot.fi\/blog\/hairspot-ota-yhteytta\/\" \/>\n<meta property=\"og:locale\" content=\"fi_FI\" \/>\n<meta property=\"og:type\" content=\"article\" \/>\n<meta property=\"og:title\" content=\"Hairspot \u2013 Ota yhteytt\u00e4 - Hairspot\" \/>\n<meta property=\"og:description\" content=\"Hairspot \u2013 Ota yhteytt\u00e4! Hairspot sijaitsee Helsingin Lauttasaaressa, l\u00e4hell\u00e4 Lauttasaaren siltaa. Meille on helppo tulla, sill\u00e4 metroasema on muutaman sadan metrin p\u00e4\u00e4ss\u00e4 ja busseillakin p\u00e4\u00e4see l\u00e4helle. Jos tulet autolla, pihalla on nelj\u00e4 asiakaspaikkaa ja kadun varressa on pys\u00e4k\u00f6intipaikkoja lis\u00e4\u00e4. Varaa aika netiss\u00e4 \u00bb tai soita 09 6212 535 HairspotLauttasaarentie 12 09 6212 535info@hairspot.fi Aukioloajat: ma-pe [&hellip;]\" \/>\n<meta property=\"og:url\" content=\"https:\/\/www.hairspot.fi\/blog\/hairspot-ota-yhteytta\/\" \/>\n<meta property=\"og:site_name\" content=\"Hairspot\" \/>\n<meta property=\"article:publisher\" content=\"https:\/\/www.facebook.com\/hairspotlauttasaari\" \/>\n<meta property=\"article:modified_time\" content=\"2026-02-24T10:56:58+00:00\" \/>\n<meta name=\"twitter:card\" content=\"summary_large_image\" \/>\n<meta name=\"twitter:label1\" content=\"Arvioitu lukuaika\" \/>\n\t<meta name=\"twitter:data1\" content=\"1 minuutti\" \/>\n<script type=\"application\/ld+json\" class=\"yoast-schema-graph\">{\"@context\":\"https:\\\/\\\/schema.org\",\"@graph\":[{\"@type\":\"WebPage\",\"@id\":\"https:\\\/\\\/www.hairspot.fi\\\/blog\\\/hairspot-ota-yhteytta\\\/\",\"url\":\"https:\\\/\\\/www.hairspot.fi\\\/blog\\\/hairspot-ota-yhteytta\\\/\",\"name\":\"Hairspot \u2013 Ota yhteytt\u00e4 - Hairspot\",\"isPartOf\":{\"@id\":\"https:\\\/\\\/www.hairspot.fi\\\/blog\\\/#website\"},\"datePublished\":\"2025-01-23T18:57:32+00:00\",\"dateModified\":\"2026-02-24T10:56:58+00:00\",\"breadcrumb\":{\"@id\":\"https:\\\/\\\/www.hairspot.fi\\\/blog\\\/hairspot-ota-yhteytta\\\/#breadcrumb\"},\"inLanguage\":\"fi\",\"potentialAction\":[{\"@type\":\"ReadAction\",\"target\":[\"https:\\\/\\\/www.hairspot.fi\\\/blog\\\/hairspot-ota-yhteytta\\\/\"]}]},{\"@type\":\"BreadcrumbList\",\"@id\":\"https:\\\/\\\/www.hairspot.fi\\\/blog\\\/hairspot-ota-yhteytta\\\/#breadcrumb\",\"itemListElement\":[{\"@type\":\"ListItem\",\"position\":1,\"name\":\"Etusivu\",\"item\":\"https:\\\/\\\/www.hairspot.fi\\\/blog\\\/\"},{\"@type\":\"ListItem\",\"position\":2,\"name\":\"Hairspot \u2013 Ota yhteytt\u00e4\"}]},{\"@type\":\"WebSite\",\"@id\":\"https:\\\/\\\/www.hairspot.fi\\\/blog\\\/#website\",\"url\":\"https:\\\/\\\/www.hairspot.fi\\\/blog\\\/\",\"name\":\"HairSpot \u2013 Kauneuskeskus Lauttasaaressa\",\"description\":\"Kampaamo-parturi ja kauneushoitola Lauttasaaressa\",\"publisher\":{\"@id\":\"https:\\\/\\\/www.hairspot.fi\\\/blog\\\/#organization\"},\"potentialAction\":[{\"@type\":\"SearchAction\",\"target\":{\"@type\":\"EntryPoint\",\"urlTemplate\":\"https:\\\/\\\/www.hairspot.fi\\\/blog\\\/?s={search_term_string}\"},\"query-input\":{\"@type\":\"PropertyValueSpecification\",\"valueRequired\":true,\"valueName\":\"search_term_string\"}}],\"inLanguage\":\"fi\"},{\"@type\":\"Organization\",\"@id\":\"https:\\\/\\\/www.hairspot.fi\\\/blog\\\/#organization\",\"name\":\"Hairspot\",\"url\":\"https:\\\/\\\/www.hairspot.fi\\\/blog\\\/\",\"logo\":{\"@type\":\"ImageObject\",\"inLanguage\":\"fi\",\"@id\":\"https:\\\/\\\/www.hairspot.fi\\\/blog\\\/#\\\/schema\\\/logo\\\/image\\\/\",\"url\":\"https:\\\/\\\/www.hairspot.fi\\\/blog\\\/wp-content\\\/uploads\\\/2025\\\/01\\\/Hairspot_logo_pink.png\",\"contentUrl\":\"https:\\\/\\\/www.hairspot.fi\\\/blog\\\/wp-content\\\/uploads\\\/2025\\\/01\\\/Hairspot_logo_pink.png\",\"width\":375,\"height\":139,\"caption\":\"Hairspot\"},\"image\":{\"@id\":\"https:\\\/\\\/www.hairspot.fi\\\/blog\\\/#\\\/schema\\\/logo\\\/image\\\/\"},\"sameAs\":[\"https:\\\/\\\/www.facebook.com\\\/hairspotlauttasaari\",\"https:\\\/\\\/www.instagram.com\\\/hairspotlauttasaari\\\/\"]}]}<\/script>\n<!-- \/ Yoast SEO plugin. -->","yoast_head_json":{"title":"Hairspot \u2013 Ota yhteytt\u00e4 - Hairspot","robots":{"index":"index","follow":"follow","max-snippet":"max-snippet:-1","max-image-preview":"max-image-preview:large","max-video-preview":"max-video-preview:-1"},"canonical":"https:\/\/www.hairspot.fi\/blog\/hairspot-ota-yhteytta\/","og_locale":"fi_FI","og_type":"article","og_title":"Hairspot \u2013 Ota yhteytt\u00e4 - Hairspot","og_description":"Hairspot \u2013 Ota yhteytt\u00e4! Hairspot sijaitsee Helsingin Lauttasaaressa, l\u00e4hell\u00e4 Lauttasaaren siltaa. Meille on helppo tulla, sill\u00e4 metroasema on muutaman sadan metrin p\u00e4\u00e4ss\u00e4 ja busseillakin p\u00e4\u00e4see l\u00e4helle. Jos tulet autolla, pihalla on nelj\u00e4 asiakaspaikkaa ja kadun varressa on pys\u00e4k\u00f6intipaikkoja lis\u00e4\u00e4. Varaa aika netiss\u00e4 \u00bb tai soita 09 6212 535 HairspotLauttasaarentie 12 09 6212 535info@hairspot.fi Aukioloajat: ma-pe [&hellip;]","og_url":"https:\/\/www.hairspot.fi\/blog\/hairspot-ota-yhteytta\/","og_site_name":"Hairspot","article_publisher":"https:\/\/www.facebook.com\/hairspotlauttasaari","article_modified_time":"2026-02-24T10:56:58+00:00","twitter_card":"summary_large_image","twitter_misc":{"Arvioitu lukuaika":"1 minuutti"},"schema":{"@context":"https:\/\/schema.org","@graph":[{"@type":"WebPage","@id":"https:\/\/www.hairspot.fi\/blog\/hairspot-ota-yhteytta\/","url":"https:\/\/www.hairspot.fi\/blog\/hairspot-ota-yhteytta\/","name":"Hairspot \u2013 Ota yhteytt\u00e4 - Hairspot","isPartOf":{"@id":"https:\/\/www.hairspot.fi\/blog\/#website"},"datePublished":"2025-01-23T18:57:32+00:00","dateModified":"2026-02-24T10:56:58+00:00","breadcrumb":{"@id":"https:\/\/www.hairspot.fi\/blog\/hairspot-ota-yhteytta\/#breadcrumb"},"inLanguage":"fi","potentialAction":[{"@type":"ReadAction","target":["https:\/\/www.hairspot.fi\/blog\/hairspot-ota-yhteytta\/"]}]},{"@type":"BreadcrumbList","@id":"https:\/\/www.hairspot.fi\/blog\/hairspot-ota-yhteytta\/#breadcrumb","itemListElement":[{"@type":"ListItem","position":1,"name":"Etusivu","item":"https:\/\/www.hairspot.fi\/blog\/"},{"@type":"ListItem","position":2,"name":"Hairspot \u2013 Ota yhteytt\u00e4"}]},{"@type":"WebSite","@id":"https:\/\/www.hairspot.fi\/blog\/#website","url":"https:\/\/www.hairspot.fi\/blog\/","name":"HairSpot \u2013 Kauneuskeskus Lauttasaaressa","description":"Kampaamo-parturi ja kauneushoitola Lauttasaaressa","publisher":{"@id":"https:\/\/www.hairspot.fi\/blog\/#organization"},"potentialAction":[{"@type":"SearchAction","target":{"@type":"EntryPoint","urlTemplate":"https:\/\/www.hairspot.fi\/blog\/?s={search_term_string}"},"query-input":{"@type":"PropertyValueSpecification","valueRequired":true,"valueName":"search_term_string"}}],"inLanguage":"fi"},{"@type":"Organization","@id":"https:\/\/www.hairspot.fi\/blog\/#organization","name":"Hairspot","url":"https:\/\/www.hairspot.fi\/blog\/","logo":{"@type":"ImageObject","inLanguage":"fi","@id":"https:\/\/www.hairspot.fi\/blog\/#\/schema\/logo\/image\/","url":"https:\/\/www.hairspot.fi\/blog\/wp-content\/uploads\/2025\/01\/Hairspot_logo_pink.png","contentUrl":"https:\/\/www.hairspot.fi\/blog\/wp-content\/uploads\/2025\/01\/Hairspot_logo_pink.png","width":375,"height":139,"caption":"Hairspot"},"image":{"@id":"https:\/\/www.hairspot.fi\/blog\/#\/schema\/logo\/image\/"},"sameAs":["https:\/\/www.facebook.com\/hairspotlauttasaari","https:\/\/www.instagram.com\/hairspotlauttasaari\/"]}]}},"_links":{"self":[{"href":"https:\/\/www.hairspot.fi\/blog\/wp-json\/wp\/v2\/pages\/336","targetHints":{"allow":["GET"]}}],"collection":[{"href":"https:\/\/www.hairspot.fi\/blog\/wp-json\/wp\/v2\/pages"}],"about":[{"href":"https:\/\/www.hairspot.fi\/blog\/wp-json\/wp\/v2\/types\/page"}],"author":[{"embeddable":true,"href":"https:\/\/www.hairspot.fi\/blog\/wp-json\/wp\/v2\/users\/1"}],"replies":[{"embeddable":true,"href":"https:\/\/www.hairspot.fi\/blog\/wp-json\/wp\/v2\/comments?post=336"}],"version-history":[{"count":31,"href":"https:\/\/www.hairspot.fi\/blog\/wp-json\/wp\/v2\/pages\/336\/revisions"}],"predecessor-version":[{"id":975,"href":"https:\/\/www.hairspot.fi\/blog\/wp-json\/wp\/v2\/pages\/336\/revisions\/975"}],"wp:attachment":[{"href":"https:\/\/www.hairspot.fi\/blog\/wp-json\/wp\/v2\/media?parent=336"}],"curies":[{"name":"wp","href":"https:\/\/api.w.org\/{rel}","templated":true}]}}